{"id":424,"date":"2025-05-26T13:10:06","date_gmt":"2025-05-26T13:10:06","guid":{"rendered":"https:\/\/winott.com\/?post_type=product&#038;p=424"},"modified":"2025-05-26T13:21:43","modified_gmt":"2025-05-26T13:21:43","slug":"12-month-iptv-subscription-1-device","status":"publish","type":"product","link":"https:\/\/winott.com\/polis\/produkt\/12-month-iptv-subscription-1-device\/","title":{"rendered":"12-miesi\u0119czna subskrypcja IPTV 1 urz\u0105dzenie"},"content":{"rendered":"<p><span class=\"s1\"><b>12-miesi\u0119czna subskrypcja IPTV<\/b><\/span> to najlepszy d\u0142ugoterminowy plan umo\u017cliwiaj\u0105cy nieprzerwane, wysokiej jako\u015bci przesy\u0142anie strumieniowe przez ca\u0142y rok.<\/p>\n<p>Nasz <b>12-miesi\u0119czna subskrypcja IPTV<\/b> for 1 Device to najlepsze, d\u0142ugoterminowe rozwi\u0105zanie IPTV \u2014 idealne dla u\u017cytkownik\u00f3w, kt\u00f3rzy ceni\u0105 sobie maksymaln\u0105 warto\u015b\u0107, brak przerw i ca\u0142kowity spok\u00f3j ducha.<\/p>\n<p>Dzi\u0119ki tej subskrypcji zyskasz 365 dni nieograniczonego dost\u0119pu do ponad 18 000 kana\u0142\u00f3w na \u017cywo z ca\u0142ego \u015bwiata, a tak\u017ce do tysi\u0119cy film\u00f3w i seriali na \u017c\u0105danie \u2014 wszystko w jako\u015bci Full HD i 4K.<\/p>\n<p>\u2705 Plan na 1 urz\u0105dzenie \u2013 najlepiej nadaje si\u0119 dla u\u017cytkownik\u00f3w korzystaj\u0105cych z jednego urz\u0105dzenia<br \/>\n\u2705 Idealne do ca\u0142orocznego streamingu bez konieczno\u015bci martwienia si\u0119 o miesi\u0119czne odnowienia<br \/>\n\u2705 Kompatybilne urz\u0105dzenia: telewizory Smart TV, urz\u0105dzenia Android Box, Fire Stick, iPhone&#039;y\/iPady, komputery PC i inne<br \/>\n\u2705 Ultraszybka wydajno\u015b\u0107: ogl\u0105danie bez buforowania i b\u0142yskawiczne prze\u0142\u0105czanie kana\u0142\u00f3w<br \/>\n\u2705 Wsparcie: Profesjonalne wsparcie 24\/7 przez ca\u0142y rok<\/p>\n<p>\u2014<\/p>\n<p>Ten <b>12-miesi\u0119czna subskrypcja IPTV <\/b>Plan jest przeznaczony dla streamer\u00f3w ceni\u0105cych jako\u015b\u0107, niezawodno\u015b\u0107 i wygod\u0119. To nasza najta\u0144sza subskrypcja, pozwalaj\u0105ca zaoszcz\u0119dzi\u0107 do 40% w por\u00f3wnaniu z miesi\u0119cznymi p\u0142atno\u015bciami.<\/p>\n<p>\ud83d\udd01 Ustaw j\u0105 raz i ciesz si\u0119 ni\u0105 przez ca\u0142y rok \u2014 bez przypomnie\u0144, bez przerw, tylko rozrywka.<\/p>\n<p>\ud83c\udf81 Obejmuje bezp\u0142atne aktualizacje i dost\u0119p do najnowszych rozszerze\u0144 kana\u0142u przez ca\u0142y rok.<\/p>\n<p>\ud83d\udd12 Winott IPTV \u2013 Jedna subskrypcja. Jeden rok. Ca\u0142kowita swoboda.<\/p>","protected":false},"excerpt":{"rendered":"<p>Uzyskaj roczn\u0105 subskrypcj\u0119 IPTV na jednym urz\u0105dzeniu z ponad 18 000 kana\u0142\u00f3w na \u017cywo i tre\u015bciami na \u017c\u0105danie. Zaoszcz\u0119d\u017a wi\u0119cej i streamuj bez obaw przez 12 miesi\u0119cy.<\/p>","protected":false},"featured_media":426,"comment_status":"open","ping_status":"closed","template":"","meta":{"_acf_changed":false},"product_brand":[28],"product_cat":[27,45,26,25,24,22,23,42],"product_tag":[34,30,36,46,35,33,31,39,32,40],"class_list":{"0":"post-424","1":"product","2":"type-product","3":"status-publish","4":"has-post-thumbnail","6":"product_brand-winott","7":"product_cat-best-iptv-subscription","8":"product_cat-12-month-iptv-subscription","9":"product_cat-best-iptv-2025","10":"product_cat-cheap-iptv-subscriptions","11":"product_cat-iptv-europe","12":"product_cat-iptv-family","13":"product_cat-iptv-sports","14":"product_cat-iptv-subscription-1-device","15":"product_tag-best-iptv-no-buffer","16":"product_tag-cheap-iptv-2025","17":"product_tag-european-iptv","18":"product_tag-iptv-12-month","19":"product_tag-iptv-firestick","20":"product_tag-iptv-for-smart-tv","21":"product_tag-iptv-subscription-trial","22":"product_tag-long-term-iptv","23":"product_tag-watch-live-tv-online","24":"product_tag-winott-iptv","26":"first","27":"instock","28":"sale","29":"virtual","30":"purchasable","31":"product-type-simple"},"acf":[],"_links":{"self":[{"href":"https:\/\/winott.com\/polis\/wp-json\/wp\/v2\/product\/424","targetHints":{"allow":["GET"]}}],"collection":[{"href":"https:\/\/winott.com\/polis\/wp-json\/wp\/v2\/product"}],"about":[{"href":"https:\/\/winott.com\/polis\/wp-json\/wp\/v2\/types\/product"}],"replies":[{"embeddable":true,"href":"https:\/\/winott.com\/polis\/wp-json\/wp\/v2\/comments?post=424"}],"wp:featuredmedia":[{"embeddable":true,"href":"https:\/\/winott.com\/polis\/wp-json\/wp\/v2\/media\/426"}],"wp:attachment":[{"href":"https:\/\/winott.com\/polis\/wp-json\/wp\/v2\/media?parent=424"}],"wp:term":[{"taxonomy":"product_brand","embeddable":true,"href":"https:\/\/winott.com\/polis\/wp-json\/wp\/v2\/product_brand?post=424"},{"taxonomy":"product_cat","embeddable":true,"href":"https:\/\/winott.com\/polis\/wp-json\/wp\/v2\/product_cat?post=424"},{"taxonomy":"product_tag","embeddable":true,"href":"https:\/\/winott.com\/polis\/wp-json\/wp\/v2\/product_tag?post=424"}],"curies":[{"name":"wp","href":"https:\/\/api.w.org\/{rel}","templated":true}]}}