{"id":413,"date":"2025-05-26T12:17:25","date_gmt":"2025-05-26T12:17:25","guid":{"rendered":"https:\/\/winott.com\/?post_type=product&#038;p=413"},"modified":"2025-05-26T13:09:52","modified_gmt":"2025-05-26T13:09:52","slug":"1-month-iptv-subscription-1-device","status":"publish","type":"product","link":"https:\/\/winott.com\/polis\/produkt\/1-month-iptv-subscription-1-device\/","title":{"rendered":"1 miesi\u0119czny abonament IPTV 1 urz\u0105dzenie"},"content":{"rendered":"<p>&nbsp;<\/p>\n<p>Szukasz elastycznego sposobu na ogl\u0105danie telewizji na \u017cywo, film\u00f3w i seriali bez d\u0142ugoterminowych zobowi\u0105za\u0144? Nasza miesi\u0119czna subskrypcja IPTV to idealny spos\u00f3b na korzystanie z najwy\u017cszej jako\u015bci us\u0142ug IPTV w przyst\u0119pnej cenie.<\/p>\n<p>Ten plan zapewnia pe\u0142ny dost\u0119p do ponad **18 000 kana\u0142\u00f3w na \u017cywo**, tysi\u0119cy film\u00f3w i seriali na \u017c\u0105danie oraz szerokiej gamy tre\u015bci z ca\u0142ego \u015bwiata \u2014 w tym z USA, Wielkiej Brytanii, Europy i Bliskiego Wschodu.<\/p>\n<p>\u2705 Kompatybilne urz\u0105dzenia:<br \/>\nDzia\u0142a bez zarzutu na telewizorach Smart TV (Samsung, LG), urz\u0105dzeniach z systemem Android Box, Firestick, MAG, Enigma2, iOS, Windows i innych.<\/p>\n<p>\u2705 Jako\u015b\u0107 Ultra HD:<br \/>\nCiesz si\u0119 streamingiem w rozdzielczo\u015bci Full HD, a nawet 4K dla obs\u0142ugiwanych kana\u0142\u00f3w z minimalnym buforowaniem. Dzi\u0119ki naszym szybkim serwerom na ca\u0142ym \u015bwiecie, stabilno\u015b\u0107 jest gwarantowana.<\/p>\n<p>\u2705 \u0141atwa konfiguracja w 5 minut:<br \/>\nPo subskrypcji natychmiast otrzymasz login. Nie jest wymagana \u017cadna wiedza techniczna. Wystarczy pod\u0142\u0105czy\u0107, gra\u0107 i streamowa\u0107.<\/p>\n<p>\u2705 Ca\u0142odobowe wsparcie na \u017cywo:<br \/>\nMasz pytanie lub problem? Nasz zesp\u00f3\u0142 wsparcia jest dost\u0119pny przez ca\u0142\u0105 dob\u0119 za po\u015brednictwem czatu, poczty e-mail lub WhatsApp.<\/p>\n<p>\u2014<\/p>\n<p>Ta miesi\u0119czna subskrypcja IPTV jest idealna dla u\u017cytkownik\u00f3w, kt\u00f3rzy chc\u0105 wypr\u00f3bowa\u0107 nasz\u0105 us\u0142ug\u0119 przed podj\u0119ciem decyzji o d\u0142u\u017cszym abonamencie. To r\u00f3wnie\u017c \u015bwietna opcja dla podr\u00f3\u017cuj\u0105cych, fan\u00f3w sportu i os\u00f3b ogl\u0105daj\u0105cych telewizj\u0119 kr\u00f3tkoterminowo.<\/p>\n<p>\ud83d\udd12 Bezpiecznie. Szybko. Niezawodnie. Przyst\u0119pnie cenowo.<\/p>\n<p>Wypr\u00f3buj ju\u017c dzi\u015b i zwi\u0119ksz jako\u015b\u0107 swoich wra\u017ce\u0144 z transmisji strumieniowej dzi\u0119ki Winott IPTV.<\/p>","protected":false},"excerpt":{"rendered":"<p>Uzyskaj dost\u0119p do ponad 18 000 kana\u0142\u00f3w na \u017cywo oraz tysi\u0119cy film\u00f3w i seriali dzi\u0119ki naszemu niedrogiemu **miesi\u0119cznemu abonamentowi IPTV**. Kompatybilny ze Smart TV, Fire Stick, Androidem, iOS i innymi urz\u0105dzeniami.<br \/>\nRozpocznij strumieniowanie natychmiast \u2013 bez buforowania i um\u00f3w.<\/p>","protected":false},"featured_media":414,"comment_status":"open","ping_status":"closed","template":"","meta":{"_acf_changed":false},"product_brand":[28],"product_cat":[27,41,26,25,24,22,23,42],"product_tag":[34,30,36,29,35,33,31,32],"class_list":{"0":"post-413","1":"product","2":"type-product","3":"status-publish","4":"has-post-thumbnail","6":"product_brand-winott","7":"product_cat-best-iptv-subscription","8":"product_cat-1-month-iptv-subscription","9":"product_cat-best-iptv-2025","10":"product_cat-cheap-iptv-subscriptions","11":"product_cat-iptv-europe","12":"product_cat-iptv-family","13":"product_cat-iptv-sports","14":"product_cat-iptv-subscription-1-device","15":"product_tag-best-iptv-no-buffer","16":"product_tag-cheap-iptv-2025","17":"product_tag-european-iptv","18":"product_tag-iptv-1-month","19":"product_tag-iptv-firestick","20":"product_tag-iptv-for-smart-tv","21":"product_tag-iptv-subscription-trial","22":"product_tag-watch-live-tv-online","24":"first","25":"instock","26":"sale","27":"virtual","28":"purchasable","29":"product-type-simple"},"acf":[],"_links":{"self":[{"href":"https:\/\/winott.com\/polis\/wp-json\/wp\/v2\/product\/413","targetHints":{"allow":["GET"]}}],"collection":[{"href":"https:\/\/winott.com\/polis\/wp-json\/wp\/v2\/product"}],"about":[{"href":"https:\/\/winott.com\/polis\/wp-json\/wp\/v2\/types\/product"}],"replies":[{"embeddable":true,"href":"https:\/\/winott.com\/polis\/wp-json\/wp\/v2\/comments?post=413"}],"wp:featuredmedia":[{"embeddable":true,"href":"https:\/\/winott.com\/polis\/wp-json\/wp\/v2\/media\/414"}],"wp:attachment":[{"href":"https:\/\/winott.com\/polis\/wp-json\/wp\/v2\/media?parent=413"}],"wp:term":[{"taxonomy":"product_brand","embeddable":true,"href":"https:\/\/winott.com\/polis\/wp-json\/wp\/v2\/product_brand?post=413"},{"taxonomy":"product_cat","embeddable":true,"href":"https:\/\/winott.com\/polis\/wp-json\/wp\/v2\/product_cat?post=413"},{"taxonomy":"product_tag","embeddable":true,"href":"https:\/\/winott.com\/polis\/wp-json\/wp\/v2\/product_tag?post=413"}],"curies":[{"name":"wp","href":"https:\/\/api.w.org\/{rel}","templated":true}]}}