{"id":421,"date":"2025-05-26T12:47:12","date_gmt":"2025-05-26T12:47:12","guid":{"rendered":"https:\/\/winott.com\/?post_type=product&#038;p=421"},"modified":"2025-05-26T13:09:41","modified_gmt":"2025-05-26T13:09:41","slug":"6-month-iptv-subscription-1-device","status":"publish","type":"product","link":"https:\/\/winott.com\/dani\/vare\/6-month-iptv-subscription-1-device\/","title":{"rendered":"6 m\u00e5neders IPTV-abonnement 1 enhed"},"content":{"rendered":"<p>Leder du efter langvarig IPTV-adgang uden m\u00e5nedlige fornyelser eller afbrydelser? Vores 6-m\u00e5neders IPTV-abonnement til 1 enhed er designet til brugere, der \u00f8nsker p\u00e5lidelig og kontinuerlig streaming til en god pris.<\/p>\n<p>Med dette 6-m\u00e5neders IPTV-abonnement er det perfekt til<\/p>\n<p>, f\u00e5r du adgang til over 18.000 livekanaler** og et omfattende on-demand-bibliotek med de nyeste film, tv-serier og globalt indhold. Uanset om du er til sport, dokumentarer, nyheder eller b\u00f8rneprogrammer, har Winott IPTV noget for enhver smag.<\/p>\n<p>\u2705 Til 1 enhed \u2013 Perfekt til solostreamere, der \u00f8nsker kvalitet uden at dele<br \/>\n\u2705 Kompatible enheder: Smart TV&#039;er, Android TV, Firestick, Enigma2, iOS og mere<br \/>\n\u2705 Streamingkvalitet: Full HD og 4K underst\u00f8ttes<br \/>\n\u2705 Ops\u00e6tningstid: \u00d8jeblikkelig adgang efter betaling \u2013 ops\u00e6tning p\u00e5 under 5 minutter<br \/>\n\u2705 Support: Professionel support d\u00f8gnet rundt via chat og WhatsApp<\/p>\n<p>\u2014<br \/>\nMed vores 6-m\u00e5neders IPTV-abonnement f\u00e5r du ro i sindet ved uafbrudt service i et halvt \u00e5r \u2013 du beh\u00f8ver ikke l\u00e6ngere bekymre dig om fornyelser eller pludselige afbrydelser. Det er det ideelle valg for seri\u00f8se IPTV-brugere, der kr\u00e6ver stabilitet, hastighed og besparelser.<\/p>\n<p>\ud83c\udfaf Spar op til 25% sammenlignet med m\u00e5nedlige abonnementer og nyd en problemfri seeroplevelse.<\/p>\n<p>\ud83d\udd12 Winott IPTV \u2013 Sikker. Smart. Streamet som du vil.<\/p>","protected":false},"excerpt":{"rendered":"<p>Nyd 6 m\u00e5neders premium IPTV-adgang p\u00e5 1 enhed med over 18.000 livekanaler og VOD. Ingen problemer med fornyelse \u2013 perfekt til langtidsstreamere.<\/p>","protected":false},"featured_media":422,"comment_status":"open","ping_status":"closed","template":"","meta":{"_acf_changed":false},"product_brand":[28],"product_cat":[27,44,26,25,24,22,23,42],"product_tag":[34,30,36,37,38,35,33,31,39,32,40],"class_list":{"0":"post-421","1":"product","2":"type-product","3":"status-publish","4":"has-post-thumbnail","6":"product_brand-winott","7":"product_cat-best-iptv-subscription","8":"product_cat-6-month-iptv-subscription","9":"product_cat-best-iptv-2025","10":"product_cat-cheap-iptv-subscriptions","11":"product_cat-iptv-europe","12":"product_cat-iptv-family","13":"product_cat-iptv-sports","14":"product_cat-iptv-subscription-1-device","15":"product_tag-best-iptv-no-buffer","16":"product_tag-cheap-iptv-2025","17":"product_tag-european-iptv","18":"product_tag-iptv-3-month","19":"product_tag-iptv-6-month","20":"product_tag-iptv-firestick","21":"product_tag-iptv-for-smart-tv","22":"product_tag-iptv-subscription-trial","23":"product_tag-long-term-iptv","24":"product_tag-watch-live-tv-online","25":"product_tag-winott-iptv","27":"first","28":"instock","29":"sale","30":"virtual","31":"purchasable","32":"product-type-simple"},"acf":[],"_links":{"self":[{"href":"https:\/\/winott.com\/dani\/wp-json\/wp\/v2\/product\/421","targetHints":{"allow":["GET"]}}],"collection":[{"href":"https:\/\/winott.com\/dani\/wp-json\/wp\/v2\/product"}],"about":[{"href":"https:\/\/winott.com\/dani\/wp-json\/wp\/v2\/types\/product"}],"replies":[{"embeddable":true,"href":"https:\/\/winott.com\/dani\/wp-json\/wp\/v2\/comments?post=421"}],"wp:featuredmedia":[{"embeddable":true,"href":"https:\/\/winott.com\/dani\/wp-json\/wp\/v2\/media\/422"}],"wp:attachment":[{"href":"https:\/\/winott.com\/dani\/wp-json\/wp\/v2\/media?parent=421"}],"wp:term":[{"taxonomy":"product_brand","embeddable":true,"href":"https:\/\/winott.com\/dani\/wp-json\/wp\/v2\/product_brand?post=421"},{"taxonomy":"product_cat","embeddable":true,"href":"https:\/\/winott.com\/dani\/wp-json\/wp\/v2\/product_cat?post=421"},{"taxonomy":"product_tag","embeddable":true,"href":"https:\/\/winott.com\/dani\/wp-json\/wp\/v2\/product_tag?post=421"}],"curies":[{"name":"wp","href":"https:\/\/api.w.org\/{rel}","templated":true}]}}